{"id":2045,"date":"2024-01-09T14:55:51","date_gmt":"2024-01-09T13:55:51","guid":{"rendered":"http:\/\/192.168.100.180\/?post_type=product&#038;p=2045"},"modified":"2024-03-21T16:48:18","modified_gmt":"2024-03-21T15:48:18","slug":"sokken-4002","status":"publish","type":"product","link":"https:\/\/ecodraco.nl\/de\/produkt\/sokken-4002\/","title":{"rendered":"Sokken"},"content":{"rendered":"<p class=\"has-text-align-left\">Ein Paar warme selbstgestrickte Socken aus urspr\u00fcnglich wei\u00dfer Sockenwolle. Die Wolle wurde mit Blauholz gef\u00e4rbt und hat auf der oberen Seite einen Ecoprint von Japanischem Ahorn (Seite mit Label) und Spindelstrauch (Seite ohne Label). F\u00fcr Diejenigen, die noch nie Wollsocken getragen haben: Die Dicke ist zu vergleichen mit dicken Wandersocken und werden in etwas gr\u00f6\u00dfer sitzenden Schuhen passen. Oder du ziehst sie gem\u00fctlich zu Hause auf der Couch an, um sch\u00f6ne warme F\u00fc\u00dfe zu haben. Sockenwolle besteht aus 75% Wolle und 25% Polyamide zur Stabilit\u00e4t. Die Socken k\u00f6nnen mit der Hand oder in der Maschine bei 30 \u2103 Feinw\u00e4sche gewaschen werden.<\/p>","protected":false},"excerpt":{"rendered":"<p>Mooie sokken voorzien van Ecoprint motief<\/p>","protected":false},"featured_media":2049,"template":"","meta":[],"product_brand":[],"product_cat":[110],"product_tag":[146],"class_list":{"0":"post-2045","1":"product","2":"type-product","3":"status-publish","4":"has-post-thumbnail","6":"product_cat-diversen","7":"product_tag-sokken","8":"product_shipping_class-brievenbuspakje","10":"first","11":"instock","12":"sold-individually","13":"shipping-taxable","14":"purchasable","15":"product-type-simple"},"_links":{"self":[{"href":"https:\/\/ecodraco.nl\/de\/wp-json\/wp\/v2\/product\/2045","targetHints":{"allow":["GET"]}}],"collection":[{"href":"https:\/\/ecodraco.nl\/de\/wp-json\/wp\/v2\/product"}],"about":[{"href":"https:\/\/ecodraco.nl\/de\/wp-json\/wp\/v2\/types\/product"}],"wp:featuredmedia":[{"embeddable":true,"href":"https:\/\/ecodraco.nl\/de\/wp-json\/wp\/v2\/media\/2049"}],"wp:attachment":[{"href":"https:\/\/ecodraco.nl\/de\/wp-json\/wp\/v2\/media?parent=2045"}],"wp:term":[{"taxonomy":"product_brand","embeddable":true,"href":"https:\/\/ecodraco.nl\/de\/wp-json\/wp\/v2\/product_brand?post=2045"},{"taxonomy":"product_cat","embeddable":true,"href":"https:\/\/ecodraco.nl\/de\/wp-json\/wp\/v2\/product_cat?post=2045"},{"taxonomy":"product_tag","embeddable":true,"href":"https:\/\/ecodraco.nl\/de\/wp-json\/wp\/v2\/product_tag?post=2045"}],"curies":[{"name":"wp","href":"https:\/\/api.w.org\/{rel}","templated":true}]}}