{"id":2040,"date":"2024-01-09T14:19:47","date_gmt":"2024-01-09T13:19:47","guid":{"rendered":"http:\/\/192.168.100.180\/?post_type=product&#038;p=2040"},"modified":"2024-03-24T09:45:41","modified_gmt":"2024-03-24T08:45:41","slug":"sjaal-merinowol-1007","status":"publish","type":"product","link":"https:\/\/ecodraco.nl\/de\/produkt\/sjaal-merinowol-1007\/","title":{"rendered":"Schal Wolle"},"content":{"rendered":"<p class=\"has-text-align-left translation-block\">Sch\u00f6ner blauer Schal aus super weicher Merinowolle gefilzt auf Chiffon Seide. Der Schal wurde mit Blauholz gef\u00e4rbt und hat an beiden Enden 3 F\u00e4cher mit Ecoprint von verschiedenen Bl\u00e4ttern: Edelkastanie, Essdorn, Rosskastanie. Im Mittelsegment des Schals wurden Spiralen und B\u00f6gen aus Seide-Fasern mit ein gefilzt. Achtung! Diesen Schal nicht waschen.<\/p>","protected":false},"excerpt":{"rendered":"<p class=\"translation-block\">Sch\u00f6ner blauer Schal aus super weicher Merinowolle gefilzt auf Chiffon Seide. Der Schal wurde mit Blauholz gef\u00e4rbt und hat an beiden Enden 3 F\u00e4cher mit Ecoprint von verschiedenen Bl\u00e4ttern: Edelkastanie, Essdorn, Rosskastanie. Im Mittelsegment des Schals wurden Spiralen und B\u00f6gen aus Seide-Fasern mit ein gefilzt. Achtung! Diesen Schal nicht waschen.<\/p>","protected":false},"featured_media":2034,"template":"","meta":[],"product_brand":[],"product_cat":[70],"product_tag":[157],"class_list":{"0":"post-2040","1":"product","2":"type-product","3":"status-publish","4":"has-post-thumbnail","6":"product_cat-sjaal","7":"product_tag-sjaal","8":"product_shipping_class-pakket","10":"first","11":"instock","12":"sold-individually","13":"shipping-taxable","14":"purchasable","15":"product-type-simple"},"_links":{"self":[{"href":"https:\/\/ecodraco.nl\/de\/wp-json\/wp\/v2\/product\/2040","targetHints":{"allow":["GET"]}}],"collection":[{"href":"https:\/\/ecodraco.nl\/de\/wp-json\/wp\/v2\/product"}],"about":[{"href":"https:\/\/ecodraco.nl\/de\/wp-json\/wp\/v2\/types\/product"}],"wp:featuredmedia":[{"embeddable":true,"href":"https:\/\/ecodraco.nl\/de\/wp-json\/wp\/v2\/media\/2034"}],"wp:attachment":[{"href":"https:\/\/ecodraco.nl\/de\/wp-json\/wp\/v2\/media?parent=2040"}],"wp:term":[{"taxonomy":"product_brand","embeddable":true,"href":"https:\/\/ecodraco.nl\/de\/wp-json\/wp\/v2\/product_brand?post=2040"},{"taxonomy":"product_cat","embeddable":true,"href":"https:\/\/ecodraco.nl\/de\/wp-json\/wp\/v2\/product_cat?post=2040"},{"taxonomy":"product_tag","embeddable":true,"href":"https:\/\/ecodraco.nl\/de\/wp-json\/wp\/v2\/product_tag?post=2040"}],"curies":[{"name":"wp","href":"https:\/\/api.w.org\/{rel}","templated":true}]}}