{"id":2038,"date":"2024-01-09T14:11:05","date_gmt":"2024-01-09T13:11:05","guid":{"rendered":"http:\/\/192.168.100.180\/?post_type=product&#038;p=2038"},"modified":"2024-03-24T09:47:08","modified_gmt":"2024-03-24T08:47:08","slug":"sjaal-merinowol-1005","status":"publish","type":"product","link":"https:\/\/ecodraco.nl\/de\/produkt\/sjaal-merinowol-1005\/","title":{"rendered":"Schal Wolle"},"content":{"rendered":"<p class=\"has-text-align-left translation-block\">Gelb gr\u00fcner Schal aus super weicher Merinowolle gefilzt auf Chiffon Seide. Der Schal wurde mit F\u00e4rber-Wau und etwas Eisensulfat gef\u00e4rbt und hat an beiden Enden 3 F\u00e4cher mit Ecoprint von verschiedenen Bl\u00e4ttern: Birne, Essdorn &amp; Erdbeerhimbeere. Auf beiden Enden des Schals wurden wisse Kunstfasern mit ein gefilzt, die dem Schal einen spielerischen Akzent verleihen.  Achtung! Diesen Schal nicht waschen.<\/p>","protected":false},"excerpt":{"rendered":"<p>Geel groene sjaal van super zachte merinowol gevilt op chiffonzijde. De sjaal is met wouw en een beetje eisensulfaat geverfd en heeft aan beide einden 3 vakken met ecoprint van verschillende bladeren: peer, esdoorn &amp; aardbeiframboos. Op de voorkant zijn aan de uiteinden witte kunstvezels mee gevilt en geven zo een speels accent. Let op! [&hellip;]<\/p>\n","protected":false},"featured_media":2026,"template":"","meta":[],"product_brand":[],"product_cat":[70],"product_tag":[157],"class_list":{"0":"post-2038","1":"product","2":"type-product","3":"status-publish","4":"has-post-thumbnail","6":"product_cat-sjaal","7":"product_tag-sjaal","8":"product_shipping_class-pakket","10":"first","11":"instock","12":"sold-individually","13":"shipping-taxable","14":"purchasable","15":"product-type-simple"},"_links":{"self":[{"href":"https:\/\/ecodraco.nl\/de\/wp-json\/wp\/v2\/product\/2038","targetHints":{"allow":["GET"]}}],"collection":[{"href":"https:\/\/ecodraco.nl\/de\/wp-json\/wp\/v2\/product"}],"about":[{"href":"https:\/\/ecodraco.nl\/de\/wp-json\/wp\/v2\/types\/product"}],"wp:featuredmedia":[{"embeddable":true,"href":"https:\/\/ecodraco.nl\/de\/wp-json\/wp\/v2\/media\/2026"}],"wp:attachment":[{"href":"https:\/\/ecodraco.nl\/de\/wp-json\/wp\/v2\/media?parent=2038"}],"wp:term":[{"taxonomy":"product_brand","embeddable":true,"href":"https:\/\/ecodraco.nl\/de\/wp-json\/wp\/v2\/product_brand?post=2038"},{"taxonomy":"product_cat","embeddable":true,"href":"https:\/\/ecodraco.nl\/de\/wp-json\/wp\/v2\/product_cat?post=2038"},{"taxonomy":"product_tag","embeddable":true,"href":"https:\/\/ecodraco.nl\/de\/wp-json\/wp\/v2\/product_tag?post=2038"}],"curies":[{"name":"wp","href":"https:\/\/api.w.org\/{rel}","templated":true}]}}