{"id":2006,"date":"2024-01-04T23:55:50","date_gmt":"2024-01-04T22:55:50","guid":{"rendered":"https:\/\/www.ecodraco.nl\/?post_type=product&#038;p=2006"},"modified":"2024-03-24T09:47:55","modified_gmt":"2024-03-24T08:47:55","slug":"sjaal-van-dunne-ponge-zijde-1003","status":"publish","type":"product","link":"https:\/\/ecodraco.nl\/de\/produkt\/sjaal-van-dunne-ponge-zijde-1003\/","title":{"rendered":"Schal Seide"},"content":{"rendered":"<p class=\"has-text-align-left\">Halb transparenter Schal von d\u00fcnner Ponge Seide (nr. 5). Der Schal wurde pflanzlich mit F\u00e4rber-Wau gef\u00e4rbt und danach bedruckt mit Ecoprint. \u00dcber die L\u00e4nge des Schals sind die Bl\u00e4tter gespiegelt und liegen verteilt \u00fcber die Fl\u00e4che de Schals. Diese Ponge Seide f\u00fchlt sich sehr weich und beinahe gewichtslos an. Der Schal kann vorsichtig mit der Hand gewaschen werden und danach geb\u00fcgelt auf Stand Seide.<\/p>","protected":false},"excerpt":{"rendered":"<p>Halb transparenter Schal von d\u00fcnner Ponge Seide (nr. 5). Der Schal wurde pflanzlich mit F\u00e4rber-Wau gef\u00e4rbt und danach bedruckt mit Ecoprint. \u00dcber die L\u00e4nge des Schals sind die Bl\u00e4tter gespiegelt und liegen verteilt \u00fcber die Fl\u00e4che de Schals. Diese Ponge Seide f\u00fchlt sich sehr weich und beinahe gewichtslos an. Der Schal kann vorsichtig mit der Hand gewaschen werden und danach geb\u00fcgelt auf Stand Seide.<\/p>","protected":false},"featured_media":2004,"template":"","meta":[],"product_brand":[],"product_cat":[70],"product_tag":[157],"class_list":{"0":"post-2006","1":"product","2":"type-product","3":"status-publish","4":"has-post-thumbnail","6":"product_cat-sjaal","7":"product_tag-sjaal","8":"product_shipping_class-pakket","10":"first","11":"instock","12":"sold-individually","13":"shipping-taxable","14":"purchasable","15":"product-type-simple"},"_links":{"self":[{"href":"https:\/\/ecodraco.nl\/de\/wp-json\/wp\/v2\/product\/2006","targetHints":{"allow":["GET"]}}],"collection":[{"href":"https:\/\/ecodraco.nl\/de\/wp-json\/wp\/v2\/product"}],"about":[{"href":"https:\/\/ecodraco.nl\/de\/wp-json\/wp\/v2\/types\/product"}],"wp:featuredmedia":[{"embeddable":true,"href":"https:\/\/ecodraco.nl\/de\/wp-json\/wp\/v2\/media\/2004"}],"wp:attachment":[{"href":"https:\/\/ecodraco.nl\/de\/wp-json\/wp\/v2\/media?parent=2006"}],"wp:term":[{"taxonomy":"product_brand","embeddable":true,"href":"https:\/\/ecodraco.nl\/de\/wp-json\/wp\/v2\/product_brand?post=2006"},{"taxonomy":"product_cat","embeddable":true,"href":"https:\/\/ecodraco.nl\/de\/wp-json\/wp\/v2\/product_cat?post=2006"},{"taxonomy":"product_tag","embeddable":true,"href":"https:\/\/ecodraco.nl\/de\/wp-json\/wp\/v2\/product_tag?post=2006"}],"curies":[{"name":"wp","href":"https:\/\/api.w.org\/{rel}","templated":true}]}}