{"id":1981,"date":"2024-01-02T12:44:26","date_gmt":"2024-01-02T11:44:26","guid":{"rendered":"http:\/\/192.168.100.180\/?post_type=product&#038;p=1981"},"modified":"2024-03-24T09:48:40","modified_gmt":"2024-03-24T08:48:40","slug":"sjaal-van-merinowol-1001","status":"publish","type":"product","link":"https:\/\/ecodraco.nl\/de\/produkt\/sjaal-van-merinowol-1001\/","title":{"rendered":"Schal Wolle"},"content":{"rendered":"<p class=\"has-text-align-left translation-block\">Sch\u00f6ner blauer Schal aus super weicher Merinowolle gefilzt auf Chiffon seide. Der Schal wurde mit Blauholz gef\u00e4rbt und hat an beiden Enden 3 F\u00e4cher mit Ecoprint von verschiedenen Bl\u00e4ttern: Am Ende mit Label sind das 2x Essdorn\/Ahorn und Weinblatt, am gegen\u00fcberliegenden Ende Erdbeerhimbeere, Essdorn und Honigbeere. Auf der gefilzten Seite des Schals (Wolle) ist die F\u00e4rbung etwas heller als bei der Seiden Seite (siehe das vierte Produktfoto) Achtung! Diesen Schal nicht waschen.<\/p>","protected":false},"excerpt":{"rendered":"<p>Mooie blauwe sjaal van super zachte merinowol gevilt op chiffonzijde. De sjaal is met blauwhout geverfd en heeft aan beide einden 3 vakken met ecoprint van verschillende bladeren: Aan de kant van het label 2x esdoorn &amp; druif, aan de tegenoverliggende kant aardbeiframboos, esdoorn &amp; honingbes. Op de gevilte (wol) zijde is de kleur wat [&hellip;]<\/p>\n","protected":false},"featured_media":1999,"template":"","meta":[],"product_brand":[],"product_cat":[70],"product_tag":[157],"class_list":{"0":"post-1981","1":"product","2":"type-product","3":"status-publish","4":"has-post-thumbnail","6":"product_cat-sjaal","7":"product_tag-sjaal","8":"product_shipping_class-pakket","10":"first","11":"instock","12":"sold-individually","13":"shipping-taxable","14":"purchasable","15":"product-type-simple"},"_links":{"self":[{"href":"https:\/\/ecodraco.nl\/de\/wp-json\/wp\/v2\/product\/1981","targetHints":{"allow":["GET"]}}],"collection":[{"href":"https:\/\/ecodraco.nl\/de\/wp-json\/wp\/v2\/product"}],"about":[{"href":"https:\/\/ecodraco.nl\/de\/wp-json\/wp\/v2\/types\/product"}],"wp:featuredmedia":[{"embeddable":true,"href":"https:\/\/ecodraco.nl\/de\/wp-json\/wp\/v2\/media\/1999"}],"wp:attachment":[{"href":"https:\/\/ecodraco.nl\/de\/wp-json\/wp\/v2\/media?parent=1981"}],"wp:term":[{"taxonomy":"product_brand","embeddable":true,"href":"https:\/\/ecodraco.nl\/de\/wp-json\/wp\/v2\/product_brand?post=1981"},{"taxonomy":"product_cat","embeddable":true,"href":"https:\/\/ecodraco.nl\/de\/wp-json\/wp\/v2\/product_cat?post=1981"},{"taxonomy":"product_tag","embeddable":true,"href":"https:\/\/ecodraco.nl\/de\/wp-json\/wp\/v2\/product_tag?post=1981"}],"curies":[{"name":"wp","href":"https:\/\/api.w.org\/{rel}","templated":true}]}}