{"id":1646,"date":"2023-11-04T11:53:46","date_gmt":"2023-11-04T10:53:46","guid":{"rendered":"http:\/\/192.168.100.180\/?post_type=product&#038;p=1646"},"modified":"2024-03-20T12:03:55","modified_gmt":"2024-03-20T11:03:55","slug":"mystical-forest-5","status":"publish","type":"product","link":"https:\/\/ecodraco.nl\/de\/produkt\/mystical-forest-5\/","title":{"rendered":"Mystical Forest-5"},"content":{"rendered":"<p class=\"has-text-align-left\">Ein besonderer Ecoprint auf der gl\u00e4nzenden Vorderseite von Satin-Seide. Der Ecoprint befindet sich in einem geschlossenen wei\u00dfen Passepartout im A4 Format. Die Innenabmessungen des Passepartout sind 14,5 x 19,5 cm. Die Bl\u00e4tter sind von der Erdbeerhimbeere aus meinem Garten und dem roten Essdorn meiner Nachbarin.<\/p>","protected":false},"excerpt":{"rendered":"<p>Ein besonderer Ecoprint auf der gl\u00e4nzenden Vorderseite von Satin-Seide. Der Ecoprint befindet sich in einem geschlossenen wei\u00dfen Passepartout im A4 Format. Die Innenabmessungen des Passepartout sind 14,5 x 19,5 cm. Die Bl\u00e4tter sind von der Erdbeerhimbeere aus meinem Garten und dem roten Essdorn meiner Nachbarin.<\/p>","protected":false},"featured_media":1717,"template":"","meta":[],"product_brand":[],"product_cat":[71],"product_tag":[156],"class_list":{"0":"post-1646","1":"product","2":"type-product","3":"status-publish","4":"has-post-thumbnail","6":"product_cat-kunst","7":"product_tag-kunstwerk","8":"product_shipping_class-pakket","10":"first","11":"instock","12":"sold-individually","13":"shipping-taxable","14":"purchasable","15":"product-type-simple"},"_links":{"self":[{"href":"https:\/\/ecodraco.nl\/de\/wp-json\/wp\/v2\/product\/1646","targetHints":{"allow":["GET"]}}],"collection":[{"href":"https:\/\/ecodraco.nl\/de\/wp-json\/wp\/v2\/product"}],"about":[{"href":"https:\/\/ecodraco.nl\/de\/wp-json\/wp\/v2\/types\/product"}],"wp:featuredmedia":[{"embeddable":true,"href":"https:\/\/ecodraco.nl\/de\/wp-json\/wp\/v2\/media\/1717"}],"wp:attachment":[{"href":"https:\/\/ecodraco.nl\/de\/wp-json\/wp\/v2\/media?parent=1646"}],"wp:term":[{"taxonomy":"product_brand","embeddable":true,"href":"https:\/\/ecodraco.nl\/de\/wp-json\/wp\/v2\/product_brand?post=1646"},{"taxonomy":"product_cat","embeddable":true,"href":"https:\/\/ecodraco.nl\/de\/wp-json\/wp\/v2\/product_cat?post=1646"},{"taxonomy":"product_tag","embeddable":true,"href":"https:\/\/ecodraco.nl\/de\/wp-json\/wp\/v2\/product_tag?post=1646"}],"curies":[{"name":"wp","href":"https:\/\/api.w.org\/{rel}","templated":true}]}}