{"id":1563,"date":"2023-10-18T16:51:17","date_gmt":"2023-10-18T14:51:17","guid":{"rendered":"http:\/\/192.168.100.180\/?post_type=product&#038;p=1563"},"modified":"2024-03-20T12:01:20","modified_gmt":"2024-03-20T11:01:20","slug":"mystical-forest-1","status":"publish","type":"product","link":"https:\/\/ecodraco.nl\/de\/produkt\/mystical-forest-1\/","title":{"rendered":"Mystical Forest-1"},"content":{"rendered":"<p class=\"has-text-align-left\">Ein besonderer Ecoprint auf Satin-Seide. Der Ecoprint befindet sich in einem geschlossenen wei\u00dfen Passepartout im A4 Format. Die Innenabmessungen des Passepartout sind 14,5 x 19,5 cm. F\u00fcr diesen Abdruck habe ich das Blatt meines Haselnussstrauchs im Fr\u00fchling verwendet.<\/p>","protected":false},"excerpt":{"rendered":"<p>Ein besonderer Ecoprint auf Satin-Seide. Der Ecoprint befindet sich in einem geschlossenen wei\u00dfen Passepartout im A4 Format. Die Innenabmessungen des Passepartout sind 14,5 x 19,5 cm. F\u00fcr diesen Abdruck habe ich das Blatt meines Haselnussstrauchs im Fr\u00fchling verwendet.<\/p>","protected":false},"featured_media":1712,"template":"","meta":[],"product_brand":[],"product_cat":[71],"product_tag":[156],"class_list":{"0":"post-1563","1":"product","2":"type-product","3":"status-publish","4":"has-post-thumbnail","6":"product_cat-kunst","7":"product_tag-kunstwerk","8":"product_shipping_class-pakket","10":"first","11":"instock","12":"sold-individually","13":"shipping-taxable","14":"purchasable","15":"product-type-simple"},"_links":{"self":[{"href":"https:\/\/ecodraco.nl\/de\/wp-json\/wp\/v2\/product\/1563","targetHints":{"allow":["GET"]}}],"collection":[{"href":"https:\/\/ecodraco.nl\/de\/wp-json\/wp\/v2\/product"}],"about":[{"href":"https:\/\/ecodraco.nl\/de\/wp-json\/wp\/v2\/types\/product"}],"wp:featuredmedia":[{"embeddable":true,"href":"https:\/\/ecodraco.nl\/de\/wp-json\/wp\/v2\/media\/1712"}],"wp:attachment":[{"href":"https:\/\/ecodraco.nl\/de\/wp-json\/wp\/v2\/media?parent=1563"}],"wp:term":[{"taxonomy":"product_brand","embeddable":true,"href":"https:\/\/ecodraco.nl\/de\/wp-json\/wp\/v2\/product_brand?post=1563"},{"taxonomy":"product_cat","embeddable":true,"href":"https:\/\/ecodraco.nl\/de\/wp-json\/wp\/v2\/product_cat?post=1563"},{"taxonomy":"product_tag","embeddable":true,"href":"https:\/\/ecodraco.nl\/de\/wp-json\/wp\/v2\/product_tag?post=1563"}],"curies":[{"name":"wp","href":"https:\/\/api.w.org\/{rel}","templated":true}]}}