{"id":1393,"date":"2023-09-23T15:56:32","date_gmt":"2023-09-23T13:56:32","guid":{"rendered":"http:\/\/192.168.100.180\/?page_id=1393"},"modified":"2024-03-21T17:01:45","modified_gmt":"2024-03-21T16:01:45","slug":"privacy-policy-is-voor-ons-belangrijk","status":"publish","type":"page","link":"https:\/\/ecodraco.nl\/de\/privacy-policy-is-voor-ons-belangrijk\/","title":{"rendered":"Datenschutz"},"content":{"rendered":"<p>Wie geht Ecodraco mit deinen Daten um?<\/p>\n\n\n\n<p><strong>Pers\u00f6nliche Daten die verarbeitet werden:<\/strong><br>Ecodraco kann deine pers\u00f6nlichen Daten verarbeiten, weil du das Kontaktformular ausf\u00fcllst, eine Bestellung bei Ecodraco aufgibst, ein Konto angelegt oder\/und weil du die Daten selbst anbietest, wenn du Kontakt mit Ecodraco aufnimmst. Ecodraco kann dabei die folgenden Daten verarbeiten:<br>- deinen Vornamen, Nachnamen<br>- deine Adressdaten<br>- deine Telefonnummer<br>- deine e-Mailadresse<br><br><strong>Warum braucht Ecodraco deine Daten:<\/strong><br>Ecodraco benutzt deine pers\u00f6nlichen Daten bei der Bearbeitung deiner Bestellung, die die du auf der Website aufgegeben hast. Au\u00dferdem k\u00f6nnen die Daten benutzt werden, um mit dir telefonisch Kontakt aufzunehmen, als Antwort auf deine Frage und\/oder um dich schriftlich \u00fcber Email zu benachrichtigen, wenn du telefonisch nicht erreichbar sein solltest.<br><br><strong>Wie lange werden deine Daten gespeichert:<\/strong><br>Ecodraco speichert deine pers\u00f6nlichen Daten nicht l\u00e4nger als unbedingt erforderlich ist, um das Ziel zu erreichen, wof\u00fcr die Daten gesammelt wurden. Deine Daten werden nicht l\u00e4nger als ein Jahr gespeichert, falls keine Vereinbarung getroffen wurde.<br><br><strong>Teilen der Daten mit Anderen:<\/strong><br>Ecodraco stellt deine Daten ausschlie\u00dflich Dritten zur Verf\u00fcgung, soweit dies n\u00f6tig ist, um deine Bestellung bearbeiten zu k\u00f6nnen, oder um gesetzlichen Bestimmungen nachzukommen.<\/p>\n\n\n\n<p><strong>Besucherstatistiken:<\/strong><strong>:<\/strong><br>Auf der Website von Ecodraco werden keine Besucherstatistiken registriert.<\/p>\n\n\n\n<p><strong>Google Analytics:<\/strong><br>Ecodraco nutzt <strong>keine<\/strong> Google Analytics.<br><br><strong>Daten einsehen, \u00e4ndern oder entfernen:<\/strong><br>Du hast das Recht, deine pers\u00f6nlichen Daten einzusehen, zu korrigieren oder zu entfernen. Du kannst eine Anfrage zum Einsehen, Korrigieren oder entfernen deiner Daten schicken an info@ecodraco.nl. Ecodraco wird so schnell wie m\u00f6glich, aber innerhalb von 4 Wochen, auf deine  Anfrage reagieren.<br><br><strong>Sicherheit:<\/strong><br>Ecodraco nimmt den Schutz deiner pers\u00f6nlichen Daten sehr ernst und nimmt darum passende Ma\u00dfnahmen gegen Missbrauch, Verlust, unbefugten Zugang, unerw\u00fcnschte Ver\u00f6ffentlichung und unerw\u00fcnschte \u00c4nderung. De Website van Ecodraco benutzt ein zuverl\u00e4ssiges SSL Zertifikat, um zu garantieren, dass deine Daten nicht in falsche H\u00e4nde gelangen.<br>Solltest du das Vermuten haben, dass deine Daten nicht gut gesichert sind, Missbrauch im Spiel ist, oder wenn du mehr wissen m\u00f6chtest \u00fcber die Sicherheitsma\u00dfnahmen von Ecodraco in Bezug auf deine gesammelten pers\u00f6nlichen Daten, nimm dann bitte Kontakt auf \u00fcber unten stehenden Link.<\/p>\n\n\n\n<p class=\"has-large-font-size\"><strong><a href=\"https:\/\/ecodraco.nl\/de\/contact\/\">Kontakt\/Impressum<\/a><\/strong><\/p>\n\n\n\n<p class=\"has-medium-font-size\"><\/p>","protected":false},"excerpt":{"rendered":"<p>Hoe gaat Ecodraco om met je gegevens? Persoonsgegevens die worden verwerkt:Ecodraco kan persoonsgegevens van jou verwerken, doordat je een bestelling plaatst bij Ecodraco, het contactformulier op de website invult, een account aanmaakt en\/of omdat je de persoonsgegevens zelf verstrekt wanneer je contact opneemt met Ecodraco. Ecodraco kan de volgende persoonsgegevens verwerken:\u2013 je voornaam achternaam\u2013 je [&hellip;]<\/p>\n","protected":false},"author":10,"featured_media":1673,"parent":0,"menu_order":0,"comment_status":"closed","ping_status":"closed","template":"","meta":{"footnotes":""},"class_list":["post-1393","page","type-page","status-publish","has-post-thumbnail","hentry"],"_links":{"self":[{"href":"https:\/\/ecodraco.nl\/de\/wp-json\/wp\/v2\/pages\/1393","targetHints":{"allow":["GET"]}}],"collection":[{"href":"https:\/\/ecodraco.nl\/de\/wp-json\/wp\/v2\/pages"}],"about":[{"href":"https:\/\/ecodraco.nl\/de\/wp-json\/wp\/v2\/types\/page"}],"author":[{"embeddable":true,"href":"https:\/\/ecodraco.nl\/de\/wp-json\/wp\/v2\/users\/10"}],"replies":[{"embeddable":true,"href":"https:\/\/ecodraco.nl\/de\/wp-json\/wp\/v2\/comments?post=1393"}],"version-history":[{"count":0,"href":"https:\/\/ecodraco.nl\/de\/wp-json\/wp\/v2\/pages\/1393\/revisions"}],"wp:featuredmedia":[{"embeddable":true,"href":"https:\/\/ecodraco.nl\/de\/wp-json\/wp\/v2\/media\/1673"}],"wp:attachment":[{"href":"https:\/\/ecodraco.nl\/de\/wp-json\/wp\/v2\/media?parent=1393"}],"curies":[{"name":"wp","href":"https:\/\/api.w.org\/{rel}","templated":true}]}}