{"id":1081,"date":"2023-09-14T15:13:50","date_gmt":"2023-09-14T15:13:50","guid":{"rendered":"https:\/\/joron.nl\/?page_id=1081"},"modified":"2024-03-21T16:58:35","modified_gmt":"2024-03-21T15:58:35","slug":"voorwaarden-ecodraco","status":"publish","type":"page","link":"https:\/\/ecodraco.nl\/de\/voorwaarden-ecodraco\/","title":{"rendered":"Gesch\u00e4ftsbedingungen"},"content":{"rendered":"<p>Auf dieser Seite findest du die Bedingungen und Konditionen von Ecodraco \u2013 printing with nature. Hier werden die wichtigsten Spielregeln der Website, der Lieferung und Retouren erl\u00e4utert. Solltest du unerwarteterweise einen Fehler finden oder vermisst du noch Informationen, lass es mich bitte wissen \u00fcber Email oder Kontaktformular.<\/p>\n\n\n\n<p><strong>1. Die Website<\/strong><\/p>\n\n\n\n<p><strong>Inhalt der Website<\/strong><\/p>\n\n\n\n<p>Der Inhalt der Website wurde mit \u00e4u\u00dferster Sorgfalt zusammengestellt. Im Laufe der Zeit werden immer wieder Anpassungen stattfinden und neue Produkte eingestellt. Die Informationen und\/oder die Produkte auf der Website werden angeboten ohne eine Form von Garantie oder Ansprach auf Korrektheit. Wir behalten uns das Recht vor, den Inhalt der Website oder die Gesch\u00e4ftsbedingungen ohne vorherige Ank\u00fcndigung zu \u00e4ndern, zu l\u00f6schen oder neu zu ver\u00f6ffentlichen.<\/p>\n\n\n\n<p><strong>Intellektuelles Eigentum<\/strong><\/p>\n\n\n\n<p>Du kannst die Informationen und Fotos auf der Website kostenlos privat nutzen. Aber ohne schriftliche Zustimmung von Ecodraco ist es nicht erlaubt, Inhalte der Website jeglicher Art wiederzuverwenden. Das intellektuelle Eigentum verbleibt bei Ecodraco.<\/p>\n\n\n\n<p><strong>Preise<\/strong><\/p>\n\n\n\n<p>Die genannten Preise sind sorgf\u00e4ltig wiedergegeben auf der Website.Fehler, die wir dabei gemacht haben und die erkennbar sind als Schreib- oder Programmierfehler k\u00f6nnen nicht eingefordert werden.<\/p>\n\n\n\n<p><strong>2. Lieferungsbedingungen<\/strong><\/p>\n\n\n\n<p><strong>Bestellen<\/strong><\/p>\n\n\n\n<p>Je vindt mijn producten in de shop onder de verschillende categorie\u00ebn. Omdat alle stukken uniek zijn en het sortiment wisselt is er geen zoekfunctie in de shop. Je legt je lievelingsproducten in de winkelwagen en betaalt na afsluiten van de bestelling via bankoverschrijving of bij ophalen bij mij contant.<\/p>\n\n\n\n<p>Alle artikelen zijn uniek. Hoewel sommigen qua stijl op elkaar lijken, zul je nooit meer het exact hetzelfde in de shop terug vinden. Heb je een speciale wens voor een bepaalde uitvoering, laat het mij dan weten en we overleggen samen, wat er mogelijk is.<\/p>\n\n\n\n<p>Ich kann mir nat\u00fcrlich vorstellen, Dass \u00fcber einen Bildschirm nicht alles gut zu beurteilen ist. Ein Foto kann niemals alle Details wiedergeben. Darum biete ich dir die M\u00f6glichkeit, hier bei mir langs zu kommen und dein Lieblingsst\u00fcck live zu beurteilen. Ich wohne in Rheden (Gelderland, Niederlande) am Fu\u00dfe vom Naturpark Veluwe. M\u00f6chtest du etwas sehen wollen, nimm einfach Kontakt mit mir auf.<\/p>\n\n\n\n<p id=\"levering\"><strong>Lieferung und Zahlung<\/strong><\/p>\n\n\n\n<p>Sobald deine Artikel im Einkaufswagen liegen und du die Bestellung abgeschlossen hast, bekommst du eine Email zur Best\u00e4tigung. Darin findest du auch die Bankdaten von Ecodraco. Bitte vergiss nicht bei \u00dcberweisung die Bestellnummer mit anzugeben, so kann deine Zahlung deiner Bestellung zugeordnet werden. Sobald dein \u00fcberwiesenes Geld bei uns eingetroffen ist, versenden wir so schnell wie m\u00f6glich deine Bestellung. Du bekommst dann einen Track-&amp;-Trace-Kode, mit dem du dein Paket verfolgen kannst.<\/p>\n\n\n\n<p>Solltest du deine Bestellung hier abholen wollen, zahlst du nat\u00fcrlich keine Versandkosten und hast du die M\u00f6glichkeit, hier bar abzurechnen. F\u00fcr diesen Fall m\u00f6chte ich dich bitten, so viel wie m\u00f6glich passend zu zahlen.<\/p>\n\n\n\n<p id=\"verzendkosten\"><strong>Versandgeb\u00fchren<\/strong><\/p>\n\n\n\n<p>Die Versandgeb\u00fchren werden den Tarifen der  PostNL folgen und k\u00f6nnen im Laufe der Zeit angepasst werden. Zurzeit gelten folgende Tarife:<\/p>\n\n\n\n<figure class=\"wp-block-table\"><table><tbody><tr><td><strong>Land<\/strong><\/td><td><strong>Briefkastenpaket<\/strong><\/td><td><strong>Paket<\/strong><\/td><\/tr><tr><td>Nederland<\/td><td>\u20ac 4,95<\/td><td>\u20ac 7,95<\/td><\/tr><tr><td>Deutschland<\/td><td>\u20ac 10,50<\/td><td>\u20ac 15,00<\/td><\/tr><tr><td>Belgi\u00eb<\/td><td>\u20ac 10,50<\/td><td>\u20ac 15,00<\/td><\/tr><\/tbody><\/table><\/figure>\n\n\n\n<p id=\"retourneren\"><strong>Umtausch\/R\u00fcckgabe<\/strong><\/p>\n\n\n\n<p>Alle Artikel werden mit gr\u00f6\u00dfter Sorgfalt hergestellt und verpackt. Ich hoffe nat\u00fcrlich, dass du sehr zufrieden und gl\u00fccklich bist oder jemand Anderen gl\u00fccklich machst mit deinem Ankauf. F\u00fcr den Fall, dass beim Transport etwas besch\u00e4digt wurde oder du doch etwas entt\u00e4uscht sein solltest mit deiner Lieferung, m\u00f6chte ich dich bitten, mit mir \u00fcber E-Mail Kontakt aufzunehmen. Tue dies so schnell wie m\u00f6glich, aber innerhalb von 14 Tagen nach Empfang deiner Lieferung. Ich werde dir dann mitteilen, wie wir vorgehen werden und wohin du das Paket schicken kannst.<\/p>\n\n\n\n<p>Nachdem alles bei mir angekommen ist, werde ich die Retoure beurteilen. Ich gehe davon aus, dass du alles gut behandelt hast und nicht getragen. Kurz passen, um zu checken, ob die Gr\u00f6\u00dfe stimmt oder ob die Farbe dir gut steht ist nat\u00fcrlich kein Problem. Aber wenn etwas besch\u00e4digt wurde (au\u00dfer Transportschaden), oder man bemerken kann, dass du etwas getragen hast, nehme ich mir das Recht, einen Teil von der R\u00fcckerstattung abzuziehen. Das hei\u00dft, du w\u00fcrdest dann etwas weniger zur\u00fcckbekommen, als du gezahlt hast.<\/p>\n\n\n\n<p>Die R\u00fcckerstattung der Kosten deiner Bestellung ist inklusive Versandgeb\u00fchren, wenn du die vollst\u00e4ndige Bestellung retournierst. Schickst du nur einen Teil zur\u00fcck, wird nur der Betrag dieses\/dieser Artikel zur\u00fcckerstattet. Aber Achtung! Die Kosten f\u00fcr den R\u00fccktransport zu mir gehen auf deine Rechnung. Verpacke bitte den\/die Artikel wieder genauso gut, wie sie von mir verschickt wurden.<\/p>\n\n\n\n<div style=\"height:69px\" aria-hidden=\"true\" class=\"wp-block-spacer\"><\/div>","protected":false},"excerpt":{"rendered":"<p>Op deze pagina vind je de voorwaarden van Ecodraco \u2013 printing with nature. Hier zullen de belangrijkste spelregels van de website en de levering van producten uitgelegd worden. Vind je onverhoopt een fout of mis je informatie, kun je contact met mij opnemen via email of het contactformulier. 1. De Website Inhoud website De inhoud [&hellip;]<\/p>\n","protected":false},"author":10,"featured_media":1673,"parent":0,"menu_order":0,"comment_status":"closed","ping_status":"closed","template":"","meta":{"footnotes":""},"class_list":["post-1081","page","type-page","status-publish","has-post-thumbnail","hentry"],"_links":{"self":[{"href":"https:\/\/ecodraco.nl\/de\/wp-json\/wp\/v2\/pages\/1081","targetHints":{"allow":["GET"]}}],"collection":[{"href":"https:\/\/ecodraco.nl\/de\/wp-json\/wp\/v2\/pages"}],"about":[{"href":"https:\/\/ecodraco.nl\/de\/wp-json\/wp\/v2\/types\/page"}],"author":[{"embeddable":true,"href":"https:\/\/ecodraco.nl\/de\/wp-json\/wp\/v2\/users\/10"}],"replies":[{"embeddable":true,"href":"https:\/\/ecodraco.nl\/de\/wp-json\/wp\/v2\/comments?post=1081"}],"version-history":[{"count":0,"href":"https:\/\/ecodraco.nl\/de\/wp-json\/wp\/v2\/pages\/1081\/revisions"}],"wp:featuredmedia":[{"embeddable":true,"href":"https:\/\/ecodraco.nl\/de\/wp-json\/wp\/v2\/media\/1673"}],"wp:attachment":[{"href":"https:\/\/ecodraco.nl\/de\/wp-json\/wp\/v2\/media?parent=1081"}],"curies":[{"name":"wp","href":"https:\/\/api.w.org\/{rel}","templated":true}]}}